{"id":3,"date":"2020-09-08T15:18:58","date_gmt":"2020-09-08T15:18:58","guid":{"rendered":"https:\/\/nassifmd.nl\/?page_id=3"},"modified":"2021-02-26T11:35:29","modified_gmt":"2021-02-26T11:35:29","slug":"politique-de-confidentialite","status":"publish","type":"page","link":"https:\/\/nassifmd.nl\/fr\/politique-de-confidentialite\/","title":{"rendered":"Politique de confidentialit\u00e9"},"content":{"rendered":"<p><div class=\"fusion-fullwidth fullwidth-box fusion-builder-row-1 fusion-flex-container nonhundred-percent-fullwidth non-hundred-percent-height-scrolling\" style=\"--awb-border-radius-top-left:0px;--awb-border-radius-top-right:0px;--awb-border-radius-bottom-right:0px;--awb-border-radius-bottom-left:0px;--awb-background-color:rgba(85,50,139,0.1);--awb-flex-wrap:wrap;\" ><div class=\"fusion-builder-row fusion-row fusion-flex-align-items-flex-start fusion-flex-content-wrap\" style=\"max-width:1248px;margin-left: calc(-4% \/ 2 );margin-right: calc(-4% \/ 2 );\"><div class=\"fusion-layout-column fusion_builder_column fusion-builder-column-0 fusion_builder_column_1_1 1_1 fusion-flex-column\" style=\"--awb-bg-size:cover;--awb-width-large:100%;--awb-margin-top-large:0px;--awb-spacing-right-large:1.92%;--awb-margin-bottom-large:0px;--awb-spacing-left-large:1.92%;--awb-width-medium:100%;--awb-spacing-right-medium:1.92%;--awb-spacing-left-medium:1.92%;--awb-width-small:100%;--awb-spacing-right-small:1.92%;--awb-spacing-left-small:1.92%;\"><div class=\"fusion-column-wrapper fusion-flex-justify-content-flex-start fusion-content-layout-column\"><div class=\"fusion-text fusion-text-1\"><h1 style=\"text-align: center;\">Politique de confidentialit\u00e9 et de cookies<\/h1>\n<p>Cher client,<\/p>\n<p>Nous vous remercions de votre visite sur notre site web. Vous visitez actuellement le site web de NassifMD Dermaceuticals Benelux.<\/p>\n<p>Ce site web est g\u00e9r\u00e9 et entretenu par : E.P.C. Bvba<br \/>\nL&rsquo;adresse de notre entreprise\u00a0: Duifhuisweg 22, 3590 Diepenbeek, Belgique<br \/>\nNotre adresse postale\u00a0: Duifhuisweg 22, 3590 Diepenbeek, Belgique<br \/>\nNotre num\u00e9ro de T.V.A.\u00a0: BE 0832.163.493<\/p>\n<p>Chaque fois que vous visitez notre site web, notre serveur web reconna\u00eet automatiquement votre adresse IP. Lorsque vous visitez notre site web, nous conservons votre adresse \u00e9lectronique si vous nous indiquez cela.<\/p>\n<h2><strong>Pourquoi un compte client ?<\/strong><\/h2>\n<p>Pour plus de commodit\u00e9, nous vous demandons de cr\u00e9er un compte client sur notre site web. Votre nom, votre lieu de r\u00e9sidence, vos coordonn\u00e9es t\u00e9l\u00e9phoniques et votre adresse \u00e9lectronique seront alors enregistr\u00e9s dans notre base de donn\u00e9es.<\/p>\n<p>En vous connectant \u00e0 l&rsquo;aide de votre adresse e-mail, suivie d&rsquo;un mot de passe, notre site web vous reconna\u00eet et vos coordonn\u00e9es sont connues.<\/p>\n<p>Les commandes subs\u00e9quentes sont donc rapides, faciles, s\u00fbres et peuvent \u00eatre ex\u00e9cut\u00e9es 24 heures sur 24, 7 jours sur 7, car nous n&rsquo;avons pas besoin de vous redemander vos coordonn\u00e9es.<\/p>\n<h2><strong>Que se passe-t-il avec les donn\u00e9es personnelles ?<\/strong><\/h2>\n<p>Ces informations sont utilis\u00e9es :<\/p>\n<ul>\n<li>pour vous permettre de passer des commandes rapidement, facilement, en toute s\u00e9curit\u00e9 et 24 heures sur 24, 7 jours sur 7.<\/li>\n<li>pour vous contacter \u00e0 des fins d&rsquo;information et de marketing (cela ne se produit que si vous avez donn\u00e9 votre consentement explicite pr\u00e9alable).<\/li>\n<li>pour vous informer sur vos \u00e9ventuelles r\u00e9servations.<\/li>\n<\/ul>\n<p>Les informations ne seront utilis\u00e9es qu&rsquo;en interne et ne seront pas transmises \u00e0 d&rsquo;autres organisations \u00e0 des fins commerciales.<\/p>\n<p><strong>Acc\u00e8s aux donn\u00e9es personnelles<br \/>\n<\/strong>Sur demande, nous fournissons aux visiteurs de notre site un acc\u00e8s \u00e0 toutes les informations que nous conservons \u00e0 leur sujet. Si vous souhaitez acc\u00e9der \u00e0 ces informations, veuillez nous contacter \u00e0 l&rsquo;adresse ci-dessus. Sur demande, nous offrons aux visiteurs de notre site la possibilit\u00e9 de corriger toute information incorrecte que nous conservons \u00e0 leur sujet. Si vous souhaitez corriger vos informations personnelles, veuillez nous contacter \u00e0 l&rsquo;adresse ci-dessus.<\/p>\n<p><strong>NassifMD Dermaceuticals et l&rsquo;utilisation des cookies<br \/>\n<\/strong>Sur ce site, nous utilisons des cookies (un cookie est un petit fichier envoy\u00e9 par un serveur Internet et qui s&rsquo;installe sur le disque dur de votre ordinateur. Ce fichier garde la trace du site Internet visit\u00e9 et contient un certain nombre de donn\u00e9es sur cette visite).<\/p>\n<p>Nous essayons d&rsquo;offrir \u00e0 nos visiteurs un site web avanc\u00e9 et facile \u00e0 utiliser qui s&rsquo;adapte automatiquement \u00e0 leurs besoins et \u00e0 leurs souhaits. Pour ce faire, notre site web utilise les types de cookies suivants :<\/p>\n<p>Cookies techniques : Nous utilisons des cookies techniques pour vous montrer notre site web, pour le faire fonctionner correctement, pour cr\u00e9er votre compte d&rsquo;utilisateur, pour vous permettre de vous connecter et de g\u00e9rer vos commandes. Ces cookies techniques sont absolument n\u00e9cessaires au bon fonctionnement de notre site web.<\/p>\n<p>Cookies fonctionnels : Nous utilisons \u00e9galement des cookies fonctionnels pour m\u00e9moriser vos pr\u00e9f\u00e9rences personnelles et vous aider \u00e0 utiliser le site web de mani\u00e8re efficace et efficiente, par exemple en m\u00e9morisant votre langue et votre devise pr\u00e9f\u00e9r\u00e9es, votre historique de recherche et les articles que vous avez consult\u00e9s pr\u00e9c\u00e9demment. Ces cookies fonctionnels ne sont pas strictement n\u00e9cessaires au bon fonctionnement du site web, mais ils ajoutent des fonctionnalit\u00e9s et am\u00e9liorent votre exp\u00e9rience d&rsquo;utilisateur.<\/p>\n<p>Cookies analytiques : Nous utilisons ces cookies pour comprendre comment nos visiteurs utilisent le site web, pour savoir ce qui fonctionne et ce qui ne fonctionne pas, pour optimiser et am\u00e9liorer le site web et pour nous assurer que nous sommes toujours int\u00e9ressants et pertinents. Les informations que nous recueillons comprennent les pages web que vous avez visit\u00e9es, les pages de redirection ou de sortie que vous avez visit\u00e9es et quitt\u00e9es, le type de plate-forme que vous avez utilis\u00e9e, la date et l&rsquo;heure, et des d\u00e9tails tels que le nombre de clics effectu\u00e9s sur une page particuli\u00e8re, les mouvements de la souris et les mouvements de d\u00e9filement, les mots cl\u00e9s que vous utilisez et le texte que vous tapez lorsque vous utilisez notre site web.<\/p>\n<p>Cookies commerciaux : Nous utilisons ces cookies pour afficher les publicit\u00e9s de Senitas sur d&rsquo;autres sites web. Cette op\u00e9ration est appel\u00e9e \u00ab\u00a0reciblage\u00a0\u00bb et vise les articles que vous avez recherch\u00e9s et consult\u00e9s.<\/p>\n<p>Transfert et s\u00e9curit\u00e9 des donn\u00e9es<br \/>\nSi nous transf\u00e9rons ou recevons vos donn\u00e9es sur notre site web, nous utilisons toujours les technologies de codage reconnues comme des normes communes dans le secteur informatique.<\/p>\n<p>Si nous recevons ou transf\u00e9rons certaines informations critiques, telles que des informations financi\u00e8res ou de sant\u00e9, nous utilisons un serveur s\u00e9curis\u00e9. Vous en serez inform\u00e9 par une ic\u00f4ne (une marque) qui est affich\u00e9e sur notre site.<\/p>\n<p>Nous avons mis en place les mesures de s\u00e9curit\u00e9 n\u00e9cessaires pour pr\u00e9venir la perte, l&rsquo;utilisation illicite ou l&rsquo;alt\u00e9ration des informations que nous recevons sur notre site.<\/p>\n<h2><strong>Responsabilit\u00e9<br \/>\n<\/strong><\/h2>\n<p>Malgr\u00e9 le soin et l&rsquo;attention apport\u00e9s \u00e0 la gestion de ce site web, il est possible que le site contienne des informations incorrectes. Nous ne pouvons \u00eatre tenus responsables des erreurs techniques ou r\u00e9dactionnelles qui se produisent sur ce site, ni des dommages indirects r\u00e9sultant de l&rsquo;utilisation ou de l&rsquo;indisponibilit\u00e9 temporaire de ce site ou des liens vers les sites web de tiers.<\/p>\n<h2><strong>Contact<br \/>\n<\/strong><\/h2>\n<p>Comment nous contacter concernant notre politique de confidentialit\u00e9 ?<\/p>\n<p>Si vous souhaitez faire des commentaires sur notre politique de confidentialit\u00e9, veuillez nous contacter :<br \/>\nPar lettre : Duifhuisweg 22, 3590 Diepenbeek, Belgique<\/p>\n<h2><strong>Contact par e-mail<\/strong><\/h2>\n<p>Si vous ne souhaitez pas recevoir d\u2019e-mails de notre soci\u00e9t\u00e9 \u00e0 l&rsquo;avenir, veuillez nous contacter \u00e0 l&rsquo;adresse ci-dessus. Nous travaillons enti\u00e8rement en conformit\u00e9 avec la loi sur le respect de la vie priv\u00e9e ; une proc\u00e9dure de d\u00e9sabonnement est incluse dans chaque e-mail.<\/p>\n<h2><strong>Contact par lettre<\/strong><\/h2>\n<p>Si vous nous communiquez votre adresse postale via le web, vous pouvez recevoir des envois p\u00e9riodiques de notre part avec des informations sur les produits et services. Si vous ne souhaitez pas recevoir ce type de courrier, veuillez nous contacter \u00e0 l&rsquo;adresse ci-dessus.<\/p>\n<h2><strong>Publicit\u00e9s<\/strong><\/h2>\n<p>Vous pouvez contacter les instances\/adresses suivantes si vous ne souhaitez pas ou plus recevoir de mat\u00e9riel publicitaire adress\u00e9, d&rsquo;appels t\u00e9l\u00e9phoniques ou d\u2019e-mails commerciaux :<\/p>\n<p>Imprim\u00e9s : en indiquant quel blocage (publipostage, t\u00e9l\u00e9phone fixe, t\u00e9l\u00e9phone portable, e-mail, SMS, proches et \u00e9tudes de march\u00e9) et votre nom, adresse, code postal et ville.<\/p>\n<p>Internet : remplissez le formulaire d&rsquo;inscription gratuit sur notre site web.<\/p>\n<p>Notre entreprise peut utiliser les informations sur les consommateurs \u00e0 de nouvelles fins qui n&rsquo;ont pas encore \u00e9t\u00e9 pr\u00e9vues dans notre politique de confidentialit\u00e9. Dans ce cas, nous vous contacterons avant d&rsquo;utiliser vos donn\u00e9es \u00e0 ces nouvelles fins, pour vous informer des modifications de notre r\u00e8glement de protection des donn\u00e9es personnelles et pour vous donner la possibilit\u00e9 de refuser votre participation.<\/p>\n<p>Si vous estimez que notre site web ne respecte pas notre politique de confidentialit\u00e9, veuillez contacter notre entreprise \u00e0 l&rsquo;adresse ci-dessus.<\/p>\n<h2><strong>Plaintes<\/strong><\/h2>\n<p>Si vous pensez que vos donn\u00e9es ne sont pas trait\u00e9es correctement ou sont m\u00eame trait\u00e9es ill\u00e9galement, vous pouvez d\u00e9poser une plainte aupr\u00e8s de\u00a0:<\/p>\n<p>Commission de la protection de la vie priv\u00e9e<br \/>\nRue de la Presse 35<br \/>\n1000 Bruxelles<br \/>\nTel. +32 2 274 48 00<br \/>\nFax +32 2 274 48 35<br \/>\nE-mail: <a href=\"mailto:commission@privacycommission.be\">commission@privacycommission.be\u00a0<\/a><br \/>\nSite web: <a href=\"http:\/\/www.privacycommission.be\/\">http:\/\/www.privacycommission.be\/<\/a><br \/>\nArt 29 WP Vice-President: Willem DEBEUCKELAERE, President of the Belgian Privacycommission<\/p>\n<\/div><\/div><\/div><\/div><\/div><div class=\"fusion-fullwidth fullwidth-box fusion-builder-row-2 fusion-flex-container fusion-parallax-none nonhundred-percent-fullwidth non-hundred-percent-height-scrolling\" style=\"--awb-border-radius-top-left:0px;--awb-border-radius-top-right:0px;--awb-border-radius-bottom-right:0px;--awb-border-radius-bottom-left:0px;--awb-padding-top:1%;--awb-padding-right:2%;--awb-padding-bottom:1%;--awb-padding-left:2%;--awb-min-height:20px;--awb-background-image:url(&quot;https:\/\/nassifmd.nl\/wp-content\/uploads\/2020\/10\/pexels-karolina-grabowska-4194853-scaled.jpg&quot;);--awb-background-size:cover;--awb-flex-wrap:wrap;\" ><\/div>\n<\/p>\n","protected":false},"excerpt":{"rendered":"","protected":false},"author":1,"featured_media":0,"parent":0,"menu_order":0,"comment_status":"closed","ping_status":"open","template":"100-width.php","meta":{"footnotes":""},"class_list":["post-3","page","type-page","status-publish","hentry"],"_links":{"self":[{"href":"https:\/\/nassifmd.nl\/fr\/wp-json\/wp\/v2\/pages\/3","targetHints":{"allow":["GET"]}}],"collection":[{"href":"https:\/\/nassifmd.nl\/fr\/wp-json\/wp\/v2\/pages"}],"about":[{"href":"https:\/\/nassifmd.nl\/fr\/wp-json\/wp\/v2\/types\/page"}],"author":[{"embeddable":true,"href":"https:\/\/nassifmd.nl\/fr\/wp-json\/wp\/v2\/users\/1"}],"replies":[{"embeddable":true,"href":"https:\/\/nassifmd.nl\/fr\/wp-json\/wp\/v2\/comments?post=3"}],"version-history":[{"count":14,"href":"https:\/\/nassifmd.nl\/fr\/wp-json\/wp\/v2\/pages\/3\/revisions"}],"predecessor-version":[{"id":3638,"href":"https:\/\/nassifmd.nl\/fr\/wp-json\/wp\/v2\/pages\/3\/revisions\/3638"}],"wp:attachment":[{"href":"https:\/\/nassifmd.nl\/fr\/wp-json\/wp\/v2\/media?parent=3"}],"curies":[{"name":"wp","href":"https:\/\/api.w.org\/{rel}","templated":true}]}}