{"id":3734,"date":"2021-03-17T08:43:25","date_gmt":"2021-03-17T08:43:25","guid":{"rendered":"https:\/\/nassifmd.nl\/?page_id=3734"},"modified":"2021-03-24T10:50:17","modified_gmt":"2021-03-24T10:50:17","slug":"declaration-des-ingredients","status":"publish","type":"page","link":"https:\/\/nassifmd.nl\/fr\/declaration-des-ingredients\/","title":{"rendered":"D\u00e9claration des ingr\u00e9dients"},"content":{"rendered":"<div class=\"fusion-fullwidth fullwidth-box fusion-builder-row-1 fusion-flex-container nonhundred-percent-fullwidth non-hundred-percent-height-scrolling\" style=\"--awb-border-radius-top-left:0px;--awb-border-radius-top-right:0px;--awb-border-radius-bottom-right:0px;--awb-border-radius-bottom-left:0px;--awb-flex-wrap:wrap;\" ><div class=\"fusion-builder-row fusion-row fusion-flex-align-items-flex-start fusion-flex-content-wrap\" style=\"max-width:1248px;margin-left: calc(-4% \/ 2 );margin-right: calc(-4% \/ 2 );\"><div class=\"fusion-layout-column fusion_builder_column fusion-builder-column-0 fusion_builder_column_1_1 1_1 fusion-flex-column\" style=\"--awb-bg-size:cover;--awb-width-large:100%;--awb-spacing-right-large:1.92%;--awb-spacing-left-large:1.92%;--awb-width-medium:100%;--awb-order-medium:0;--awb-spacing-right-medium:1.92%;--awb-spacing-left-medium:1.92%;--awb-width-small:100%;--awb-order-small:0;--awb-spacing-right-small:1.92%;--awb-spacing-left-small:1.92%;\"><div class=\"fusion-column-wrapper fusion-column-has-shadow fusion-flex-justify-content-flex-start fusion-content-layout-column\"><div class=\"fusion-text fusion-text-1\"><h1 style=\"text-align: center;\">D\u00e9claration des ingr\u00e9dients<\/h1>\n<\/div><div class=\"fusion-text fusion-text-2\"><h2 style=\"text-align: center;\">A<\/h2>\n<h4><b>Aquacell<\/b><\/h4>\n<p>Un gel collant mais fluide. Son effet hydratant dure 24 heures, votre peau est moins s\u00e8che et les rides et ridules sont estomp\u00e9es.<\/p>\n<h4><b>Complexe <\/b><b>hydratant sup\u00e9rieur (Advanced <\/b><b>Moisture<\/b> <b>Complex<\/b><b>)<\/b><\/h4>\n<p>Un complexe synergique d&rsquo;hydratants aux propri\u00e9t\u00e9s de r\u00e9tention d&rsquo;eau, qui assurent une hydratation imm\u00e9diate et durable, en plus de renforcer la barri\u00e8re cutan\u00e9e.<\/p>\n<h4><b>Aesthigel<\/b><\/h4>\n<p>Obtenu \u00e0 partir d&rsquo;algues rouges. Hydrate la peau en profondeur ; de l&rsquo;\u00e9piderme aux couches basales. Ce gel fonctionne par l&rsquo;aspiration de l&rsquo;humidit\u00e9 dans l&rsquo;air.<\/p>\n<h4><b>Allanto\u00efne<\/b><\/h4>\n<p>Obtenu \u00e0 partir de la racine de la consoude. Apaise et prot\u00e8ge, a pour propri\u00e9t\u00e9 de gu\u00e9rir et de stimuler la croissance de nouveaux tissus.<\/p>\n<h4><b>Aquaxyl<\/b><\/h4>\n<p>Agit comme un bouclier contre la s\u00e9cheresse. Favorise la circulation et l&rsquo;hydratation de la peau et am\u00e9liore la fonction de barri\u00e8re cutan\u00e9e pour une peau plus douce et plus lisse.<\/p>\n<h4><b>Acide <\/b><b>az\u00e9la\u00efque<\/b><\/h4>\n<p>Un acide naturel d\u00e9riv\u00e9 des c\u00e9r\u00e9ales. Aide \u00e0 \u00e9liminer les bact\u00e9ries des pores, r\u00e9duit l&rsquo;inflammation et les rougeurs, et favorise le renouvellement cellulaire.<\/p>\n<h2 style=\"text-align: center;\">B<\/h2>\n<h4><b>Biopolym\u00e8re<\/b> <b>SA-N<\/b><\/h4>\n<p>Un complexe polym\u00e9rique qui r\u00e9duit visiblement l&rsquo;apparence des rides. Ce complexe lisse et hydrate la peau en m\u00eame temps.<\/p>\n<h4><b>Bresderm<\/b><\/h4>\n<p>Un polym\u00e8re produit par le plancton marin. Il comble et lisse imm\u00e9diatement les rides et ridules.<\/p>\n<h4><b>BV-OSC <\/b><\/h4>\n<p>Une forme stable, moins irritante et active de la vitamine C. Elle augmente la production de collag\u00e8ne, ce qui donne une peau plus ferme et plus lisse<b>.<\/b><\/p>\n<h2 style=\"text-align: center;\">C<\/h2>\n<h4><b>Caf\u00e9ine<\/b><\/h4>\n<p>Un stimulant v\u00e9g\u00e9tal et un anti-inflammatoire, riche en antioxydants. Il aide \u00e0 r\u00e9duire les poches, diminue les rides et ridules, am\u00e9liore la circulation, illumine la peau et aide \u00e0 la production de collag\u00e8ne.<\/p>\n<h4><b>C\u00e9ramosides<\/b><b> HP<\/b><\/h4>\n<p>Un protecteur anti-\u00e2ge, riche en om\u00e9ga 3, 6 et 9. Cet actif hydrate, redonne de l\u2019\u00e9lasticit\u00e9 et de la fermet\u00e9 \u00e0 la peau et resserre les pores.<\/p>\n<h4><b>CM <\/b><b>Glucane<\/b><\/h4>\n<p>Un d\u00e9riv\u00e9 de levure riche en antioxydants. Effets de cet ingr\u00e9dient : anti-rides, raffermissant, volumateur\/repulpant, r\u00e9g\u00e9n\u00e9rant, hydratant et anti-rougeurs.<\/p>\n<h4><b>Crodarom<\/b><b> A, E, F<\/b><\/h4>\n<p>Un complexe de vitamines A, E, F. Cet antioxydant offre une protection contre les radicaux libres, am\u00e9liore le fonctionnement de la barri\u00e8re cutan\u00e9e, hydrate la peau, r\u00e9duit les rides et ridules, a un effet anti-inflammatoire et pr\u00e9vient les dommages caus\u00e9s par les UV.<\/p>\n<h2 style=\"text-align: center;\">D<\/h2>\n<h4><b>DMAE<\/b><\/h4>\n<p>Un d\u00e9riv\u00e9 de la vitamine B choline. Le DMAE augmente la fermet\u00e9 et l&rsquo;\u00e9lasticit\u00e9 et lifte la peau. R\u00e9duit les rides et ridules et illumine la peau.<\/p>\n<h2 style=\"text-align: center;\">E<\/h2>\n<h4><b>Ecto\u00efne<\/b><\/h4>\n<p>Une mol\u00e9cule naturelle du groupe des extr\u00e9molytes. Aide \u00e0 prot\u00e9ger les cellules \u00e9pidermiques des dommages caus\u00e9s par les facteurs environnementaux et les UV. Calme les inflammations, renforce la barri\u00e8re cutan\u00e9e, am\u00e9liore l&rsquo;hydratation de la peau et aide \u00e0 pr\u00e9venir l&rsquo;apparition des rides et ridules et \u00e0 am\u00e9liorer la texture de la peau.<\/p>\n<h4><b>Complexe <\/b><b>Elasta-derm<\/b><b> C<\/b><\/h4>\n<p>Un complexe antioxydant et anti-\u00e2ge. Aide \u00e0 r\u00e9guler le rythme circadien, minimise l&rsquo;apparence des rides, illumine et unifie le teint et combat les dommages caus\u00e9s par les radicaux libres.<\/p>\n<h4><b>Acide ascorbique <\/b><b>\u00e9thyl\u00e9<\/b><b> (<\/b><b>Ethyl<\/b> <b>Ascorbic<\/b><b> Acid)<\/b><\/h4>\n<p>Une forme stable de vitamine C. R\u00e9duit les rides et ridules, unifie et illumine le teint, am\u00e9liore la fermet\u00e9 de la peau et, plus g\u00e9n\u00e9ralement, le teint et la texture de la peau.<\/p>\n<h4><b>Solution <\/b><b>Eyeseryl<\/b><b> B<\/b><\/h4>\n<p>Un t\u00e9trapeptide aux propri\u00e9t\u00e9s anti-\u0153d\u00e8me qui r\u00e9duit les poches et les cernes autour des yeux.<\/p>\n<h2 style=\"text-align: center;\">G<\/h2>\n<h4><b>Genercare<\/b><b> OSMS<\/b><\/h4>\n<p>Un hydratant naturel d&rsquo;origine animale ou v\u00e9g\u00e9tale. Am\u00e9liore la teneur en eau de la peau et renforce la barri\u00e8re cutan\u00e9e.<\/p>\n<h4><b>Glycion<\/b><\/h4>\n<p>Obtenu \u00e0 partir d&rsquo;algues bleu-vert. Agit sur le m\u00e9tabolisme cellulaire et am\u00e9liore l&rsquo;hydratation et l&rsquo;\u00e9lasticit\u00e9 de la peau.<\/p>\n<h4><b>Acide glycolique<\/b><\/h4>\n<p>Un acide alpha-hydroxyl\u00e9 utilis\u00e9 pour exfolier les cellules mortes, d\u00e9boucher les pores, embellir la texture de la peau, lisser le teint et stimuler la production de collag\u00e8ne.<\/p>\n<h4><b>Eau de mer du Gulf Stream<\/b><\/h4>\n<p>Min\u00e9raux calmants d&rsquo;eau de mer. Renforce la barri\u00e8re cutan\u00e9e, r\u00e9duit les inflammations et limite l&rsquo;apparition de rides et ridules.<\/p>\n<h2 style=\"text-align: center;\">H<\/h2>\n<h4><b>Acide hyaluronique (<\/b><b>Hyaluronic<\/b><b> Acid)<\/b><\/h4>\n<p>Une mol\u00e9cule naturelle qui peut porter jusqu\u2019\u00e0 1.000 fois son poids en eau. Aide \u00e0 hydrater la peau, \u00e0 r\u00e9duire les rides et ridules et \u00e0 am\u00e9liorer la texture et l&rsquo;\u00e9lasticit\u00e9 de la peau.<\/p>\n<h4><b>Hyaluronic<\/b> <b>filling<\/b> <b>spheres<\/b><\/h4>\n<p>Une forme d\u00e9shydrat\u00e9e d&rsquo;acide hyaluronique qui se gorge d&rsquo;humidit\u00e9 lors de l\u2019application sur la peau. Procure une hydratation intense, r\u00e9duit les rides et ridules, am\u00e9liore la texture et l&rsquo;\u00e9lasticit\u00e9 de la peau et repulpe la peau pour redessiner les contours du visage.<\/p>\n<h4><b>Hyasol<\/b><b> BT<\/b><\/h4>\n<p>Un acide hyaluronique de haut poids mol\u00e9culaire qui forme un film protecteur fin mais solide. Hydrate, r\u00e9duit les rides et ridules et am\u00e9liore l&rsquo;\u00e9lasticit\u00e9 de la texture de la peau.<\/p>\n<h2 style=\"text-align: center;\">I<\/h2>\n<h4><b>Innumax<\/b> <b>Retinol<\/b><\/h4>\n<p>Forme peu irritante de r\u00e9tinol, il s&rsquo;agit d&rsquo;un d\u00e9riv\u00e9 de la vitamine A. R\u00e9duit l&rsquo;hyperpigmentation, stimule la production de collag\u00e8ne, lisse et \u00e9galise la peau, estompe les taches de pigmentation, r\u00e9duit les rides et ridules.<\/p>\n<h2 style=\"text-align: center;\">J<\/h2>\n<h4><b>Jojoba<\/b> <b>Glaze<\/b><\/h4>\n<p>Un complexe \u00e0 base d&rsquo;huile de jojoba qui apporte \u00e9clat, hydratation et protection aux l\u00e8vres.<\/p>\n<h2 style=\"text-align: center;\">L<\/h2>\n<h4><b>Acide lactique (<\/b><b>Lactic<\/b><b> Acid) <\/b><\/h4>\n<p>Un acide alpha-hydroxyl\u00e9 utilis\u00e9 pour hydrater, exfolier, lisser le grain de peau, unifier le teint, raffermir la peau, combattre les rides et ridules et estomper les taches brunes.<\/p>\n<h4><b>Liftonin<\/b><b>-Xpress<\/b><\/h4>\n<p>Un complexe polym\u00e8re qui r\u00e9duit les rides et ridules et \u00e0 l\u2019effet liftant imm\u00e9diat et durable pour le contour des yeux.<\/p>\n<h4><b>Lipochroman<\/b><\/h4>\n<p>Mol\u00e9cule aux fortes propri\u00e9t\u00e9s antioxydantes, elle pi\u00e8ge les radicaux libres. Aide \u00e0 prot\u00e9ger les cellules \u00e9pidermiques et soutient la production de collag\u00e8ne.<\/p>\n<h4><b>Luremin<\/b><\/h4>\n<p>Une alternative v\u00e9g\u00e9tale au r\u00e9tinol, extraite de la rhubarbe. R\u00e9duit les rides et ridules, tout en adoucissant la peau.<\/p>\n<h2 style=\"text-align: center;\">M<\/h2>\n<h4><b>Th\u00e9 matcha<\/b><\/h4>\n<p>Un ingr\u00e9dient botanique riche en antioxydants du th\u00e9 vert. R\u00e9duit l&rsquo;inflammation et les rougeurs ; \u00e9limine les peaux mortes, les impuret\u00e9s, les bact\u00e9ries et les polluants \u00e0 la surface de la peau ; aide \u00e0 r\u00e9duire les gonflements de la peau.<\/p>\n<h4><b>M\u00e9latonine<\/b><\/h4>\n<p>Un puissant antioxydant. Prot\u00e8ge le collag\u00e8ne et pr\u00e9vient les dommages caus\u00e9s par les rayons UV et la pollution.<\/p>\n<h2 style=\"text-align: center;\">N<\/h2>\n<h4><b>N\u00e9odermyl<\/b><\/h4>\n<p>Un complexe qui r\u00e9active les synth\u00e8ses de collag\u00e8ne et d&rsquo;\u00e9lastine pour raffermir la peau et att\u00e9nuer les rides profondes.<\/p>\n<h4><b>Niacinamide<\/b><\/h4>\n<p>Une forme de vitamine B3. Soutient la barri\u00e8re cutan\u00e9e, apaise les inflammations et les rougeurs, am\u00e9liore la texture de la peau, aide \u00e0 resserrer les pores et \u00e9quilibre la production de s\u00e9bum.<\/p>\n<h2 style=\"text-align: center;\">P<\/h2>\n<h4><b>Pinoxyde<\/b><\/h4>\n<p>Augmente la microcirculation locale pour r\u00e9duire les cernes sous les yeux.<\/p>\n<h4><b>Prodizia<\/b><\/h4>\n<p>Aide \u00e0 r\u00e9guler le taux de m\u00e9latonine et \u00e0 r\u00e9parer les cellules \u00e9pidermiques. R\u00e9duit visiblement les signes de fatigue : cernes, poches sous les yeux, teint terne.<\/p>\n<h2 style=\"text-align: center;\">R<\/h2>\n<h4><b>Tourmaline rose (<\/b><b>Red<\/b><b> tourmaline)<\/b><\/h4>\n<p>Une pierre semi-pr\u00e9cieuse qui illumine instantan\u00e9ment la peau et diffuse une sensation de chaleur qui augmente la production de collag\u00e8ne.<\/p>\n<h4><b>Renovage<\/b><\/h4>\n<p>Un complexe peptidique \u00e0 effet antioxydant qui r\u00e9duit les inflammations et les rougeurs de la peau, estompe les rides et ridules, r\u00e9tablit l&rsquo;\u00e9quilibre hydrique et l&rsquo;hydratation de la peau, combat l&rsquo;hyperpigmentation, augmente l&rsquo;\u00e9lasticit\u00e9, emp\u00eache l&rsquo;affinement et le rel\u00e2chement cutan\u00e9.<\/p>\n<h4><b>Retinol<\/b> <b>Molecular<\/b> <b>Firm<\/b> <b>Fluid<\/b><\/h4>\n<p>Un syst\u00e8me de distribution topique qui stabilise l&rsquo;efficacit\u00e9 du r\u00e9tinol. Extrait de la vitamine A, il r\u00e9duit l&rsquo;hyperpigmentation, stimule la production de collag\u00e8ne, unifie le teint, lisse le grain de peau, estompe les taches de pigmentation et r\u00e9duit les rides et ridules.<\/p>\n<h4><b>RonaFlair<\/b><b> Gold<\/b><\/h4>\n<p>Un complexe min\u00e9ral qui diffuse de la lumi\u00e8re pour flouter les imperfections cutan\u00e9es.<\/p>\n<h4><b>RonaFlair<\/b><b> LDP White<\/b><\/h4>\n<p>Un complexe min\u00e9ral qui diffuse de la lumi\u00e8re pour estomper instantan\u00e9ment les rides et ridules.<\/p>\n<h2 style=\"text-align: center;\">S<\/h2>\n<h4><b>Acide salicylique (<\/b><b>Salicylic<\/b><b> Acid)<\/b><\/h4>\n<p>Un acide b\u00eata-hydroxyl\u00e9 utilis\u00e9 pour exfolier les peaux mortes, traiter les pouss\u00e9es d&rsquo;acn\u00e9, r\u00e9duire les inflammations et embellir la texture de la peau.<\/p>\n<h4><b>Sepitonic<\/b><b> M3 <\/b><\/h4>\n<p>Un complexe min\u00e9ral compos\u00e9 de cuivre, de zinc et de magn\u00e9sium. Il prot\u00e8ge des radicaux libres, am\u00e9liore la respiration cellulaire, prot\u00e8ge le derme et am\u00e9liore la communication cellulaire.<\/p>\n<h4><b>Complexe de silicate<\/b><\/h4>\n<p>Un complexe min\u00e9ral qui raffermit et lisse la peau.<\/p>\n<h4><b>SK-Influx V MB<\/b><\/h4>\n<p>Un concentr\u00e9 de c\u00e9ramides bio-identiques. Am\u00e9liore l&rsquo;hydratation de la peau en r\u00e9parant la barri\u00e8re lipidique de la peau.<\/p>\n<h4><b>Smartvector<\/b><b> UV-CA<\/b><\/h4>\n<p>Un complexe antioxydant aux vitamines C et E dans une membrane sensible aux UV. Fournit une protection \u00e9lev\u00e9e lorsqu&rsquo;il est activ\u00e9 par la lumi\u00e8re UV.<\/p>\n<h4><b>Squalane<\/b><\/h4>\n<p>Une huile naturelle similaire aux lipides produits par notre peau. Am\u00e9liore l&rsquo;hydratation de la peau, a un effet anti-inflammatoire et soutient la production de collag\u00e8ne.<\/p>\n<h4><b>Synovea<\/b><b> HR<\/b><\/h4>\n<p>Compos\u00e9 organique utilis\u00e9 pour illuminer la peau, il combat l&rsquo;hyperpigmentation et estompe les taches de vieillesse.<\/p>\n<h4><b>Syt\u00e9nol<\/b><b> A<\/b><\/h4>\n<p>Tous les avantages du r\u00e9tinol (un d\u00e9riv\u00e9 de la vitamine A), mais sans ses effets secondaires. Il r\u00e9duit l&rsquo;hyperpigmentation, stimule la production de collag\u00e8ne, unifie le teint, estompe les taches et r\u00e9duit les rides et ridules.<\/p>\n<h2 style=\"text-align: center;\">V<\/h2>\n<h4><b>Vin <\/b><b>Uplift<\/b><\/h4>\n<p>Un complexe \u00e0 base de vin de glace suisse, riche en polyph\u00e9nols. Am\u00e9liore imm\u00e9diatement la peau, pour une longue dur\u00e9e. Il raffermit et hydrate la peau et r\u00e9duit les rides et ridules.<\/p>\n<h4><b>Vitamine E<\/b><\/h4>\n<p>Un antioxydant qui stimule la fonction cellulaire et combat les agressions des radicaux libres. Elle a un effet anti-inflammatoire, pr\u00e9vient les dommages caus\u00e9s par les UV et la s\u00e9cheresse extr\u00eame de la peau.<\/p>\n<h4><b>Volulip<\/b><\/h4>\n<p>Un complexe d&rsquo;extraits v\u00e9g\u00e9taux et de peptides qui repulpe, hydrate et adoucit les l\u00e8vres.<\/p>\n<\/div><\/div><\/div><\/div><\/div>\n","protected":false},"excerpt":{"rendered":"","protected":false},"author":8,"featured_media":0,"parent":0,"menu_order":0,"comment_status":"closed","ping_status":"closed","template":"","meta":{"footnotes":""},"class_list":["post-3734","page","type-page","status-publish","hentry"],"_links":{"self":[{"href":"https:\/\/nassifmd.nl\/fr\/wp-json\/wp\/v2\/pages\/3734","targetHints":{"allow":["GET"]}}],"collection":[{"href":"https:\/\/nassifmd.nl\/fr\/wp-json\/wp\/v2\/pages"}],"about":[{"href":"https:\/\/nassifmd.nl\/fr\/wp-json\/wp\/v2\/types\/page"}],"author":[{"embeddable":true,"href":"https:\/\/nassifmd.nl\/fr\/wp-json\/wp\/v2\/users\/8"}],"replies":[{"embeddable":true,"href":"https:\/\/nassifmd.nl\/fr\/wp-json\/wp\/v2\/comments?post=3734"}],"version-history":[{"count":3,"href":"https:\/\/nassifmd.nl\/fr\/wp-json\/wp\/v2\/pages\/3734\/revisions"}],"predecessor-version":[{"id":4016,"href":"https:\/\/nassifmd.nl\/fr\/wp-json\/wp\/v2\/pages\/3734\/revisions\/4016"}],"wp:attachment":[{"href":"https:\/\/nassifmd.nl\/fr\/wp-json\/wp\/v2\/media?parent=3734"}],"curies":[{"name":"wp","href":"https:\/\/api.w.org\/{rel}","templated":true}]}}