{"id":3887,"date":"2020-10-08T13:10:17","date_gmt":"2021-03-18T07:20:47","guid":{"rendered":"https:\/\/nassifmd.nl\/product\/hydro-screen-intense-hydration-face-body-souffle\/"},"modified":"2024-08-21T11:20:59","modified_gmt":"2024-08-21T11:20:59","slug":"hydro-screen-intense-hydration-face-body-souffle","status":"publish","type":"product","link":"https:\/\/nassifmd.nl\/fr\/produit\/hydro-screen-intense-hydration-face-body-souffle\/","title":{"rendered":"Hydro-screen intense hydration face &amp; body souffl\u00e9"},"content":{"rendered":"<p><div class=\"fusion-fullwidth fullwidth-box fusion-builder-row-1 fusion-flex-container nonhundred-percent-fullwidth non-hundred-percent-height-scrolling\" style=\"--awb-border-radius-top-left:0px;--awb-border-radius-top-right:0px;--awb-border-radius-bottom-right:0px;--awb-border-radius-bottom-left:0px;--awb-padding-top:10px;--awb-padding-bottom:10px;--awb-flex-wrap:wrap;\" ><\/div><div class=\"fusion-builder-row fusion-row fusion-flex-align-items-flex-start fusion-flex-content-wrap\" style=\"max-width:calc( 1200px + 0px );margin-left: calc(-0px \/ 2 );margin-right: calc(-0px \/ 2 );\"><div class=\"fusion-layout-column fusion_builder_column fusion-builder-column-0 fusion_builder_column_3_5 3_5 fusion-three-fifth fusion-column-first\" style=\"--awb-bg-size:cover;--awb-margin-top:0px;--awb-margin-bottom:30px;width:58.4%; margin-right: 4%;\"><div class=\"fusion-column-wrapper fusion-column-has-shadow fusion-flex-column-wrapper-legacy\"><div class=\"fusion-text fusion-text-1\"><p>Cette formule brevet\u00e9e contient les ingr\u00e9dients anti-\u00e2ge cl\u00e9s, notamment l&rsquo;acide hyaluronique, les c\u00e9ramosides HP et le syt\u00e9nol A, pour am\u00e9liorer l&rsquo;apparence des rides et ridules, la fermet\u00e9 de la peau et l&rsquo;uniformit\u00e9 du teint.<br \/>\nIl a \u00e9t\u00e9 d\u00e9montr\u00e9 que le syt\u00e9nol A (un extrait v\u00e9g\u00e9tal) contribue \u00e0 am\u00e9liorer le teint et la fermet\u00e9 de la peau, comme le r\u00e9tinol, mais sans les effets secondaires.<\/p>\n<p>Suite au succ\u00e8s du Hydro-Screen\u00ae Hydration Serum du Dr Nassif, nous avons cr\u00e9\u00e9 le Face &amp; Body Souffl\u00e9. Une cr\u00e8me hydratante douce \u00e0 base d&rsquo;eau qui peut \u00eatre utilis\u00e9e \u00e0 la fois sur le visage et le corps.<\/p>\n<p>L&rsquo;Hydro-Screen\u00ae Face &amp; Body Souffl\u00e9 du Dr Nassif offre une hydratation instantan\u00e9e pour optimiser l&rsquo;\u00e9quilibre hydrique de la peau. En outre, il aide \u00e0 am\u00e9liorer la teneur en eau de la peau, afin que celle-ci soit mieux nourrie et hydrat\u00e9e, plus douce et plus lisse.<\/p>\n<\/div><div class=\"fusion-clearfix\"><\/div><\/div><\/div><div class=\"fusion-layout-column fusion_builder_column fusion-builder-column-1 fusion_builder_column_2_5 2_5 fusion-two-fifth fusion-column-last\" style=\"--awb-bg-size:cover;--awb-margin-top:0px;--awb-margin-bottom:0px;width:37.6%;\"><div class=\"fusion-column-wrapper fusion-column-has-shadow fusion-flex-column-wrapper-legacy\"><div class=\"fusion-content-boxes content-boxes columns row fusion-columns-1 fusion-columns-total-0 fusion-content-boxes-1 content-boxes-icon-on-side content-left\" style=\"--awb-hover-accent-color:#f0edf5;--awb-circle-hover-accent-color:#f0edf5;--awb-item-margin-bottom:40px;\" data-animationOffset=\"top-into-view\"><div class=\"fusion-clearfix\"><\/div><\/div><div style=\"--awb-backgroundcolor:rgba(255,255,255,0);--awb-content-padding-left:62px;\" class=\"fusion-column content-box-column content-box-column content-box-column-1 col-lg-12 col-md-12 col-sm-12 fusion-content-box-hover content-box-column-last-in-row\"><div class=\"col content-box-wrapper content-wrapper link-area-link-icon icon-hover-animation-fade\" data-animationOffset=\"top-into-view\"><div class=\"heading heading-with-icon icon-left\"><div class=\"icon\"><i style=\"border-color:#f0edf5;border-width:1px;background-color:#f0edf5;box-sizing:content-box;height:40px;width:40px;line-height:40px;border-radius:50%;font-size:20px;\" aria-hidden=\"true\" class=\"fontawesome-icon fa fa-tint circle-yes\"><\/i><\/div><h2 class=\"content-box-heading fusion-responsive-typography-calculated\" style=\"--h2_typography-font-size:20px;--fontSize:20;line-height:1.28;padding-left:62px;\">Hydratation imm\u00e9diate<\/h2><\/div><div class=\"fusion-clearfix\"><\/div><div class=\"content-container\">\n<\/div><\/div><\/div><div style=\"--awb-backgroundcolor:rgba(255,255,255,0);--awb-content-padding-left:62px;\" class=\"fusion-column content-box-column content-box-column content-box-column-2 col-lg-12 col-md-12 col-sm-12 fusion-content-box-hover content-box-column-last-in-row\"><div class=\"col content-box-wrapper content-wrapper link-area-link-icon icon-hover-animation-fade\" data-animationOffset=\"top-into-view\"><div class=\"heading heading-with-icon icon-left\"><div class=\"icon\"><i style=\"border-color:#f0edf5;border-width:1px;background-color:#f0edf5;box-sizing:content-box;height:40px;width:40px;line-height:40px;border-radius:50%;font-size:20px;\" aria-hidden=\"true\" class=\"fontawesome-icon fa fa-tint circle-yes\"><\/i><\/div><h2 class=\"content-box-heading fusion-responsive-typography-calculated\" style=\"--h2_typography-font-size:20px;--fontSize:20;line-height:1.28;padding-left:62px;\">Donne \u00e0 la peau une apparence plus jeune. Et qui ne voudrait pas \u00e7a ?<\/h2><\/div><\/div><\/div>\n<div class=\"fusion-clearfix\"><\/div><\/div><\/div><div class=\"fusion-layout-column fusion_builder_column fusion-builder-column-2 fusion_builder_column_1_5 1_5 fusion-one-fifth fusion-column-first\" style=\"--awb-bg-size:cover;width:16.8%; margin-right: 4%;\"><div class=\"fusion-column-wrapper fusion-column-has-shadow fusion-flex-column-wrapper-legacy\"><div class=\"fusion-image-element fusion-image-align-center in-legacy-container\" style=\"text-align:center;--awb-max-width:160px;--awb-caption-title-font-family:var(--h2_typography-font-family);--awb-caption-title-font-weight:var(--h2_typography-font-weight);--awb-caption-title-font-style:var(--h2_typography-font-style);--awb-caption-title-size:var(--h2_typography-font-size);--awb-caption-title-transform:var(--h2_typography-text-transform);--awb-caption-title-line-height:var(--h2_typography-line-height);--awb-caption-title-letter-spacing:var(--h2_typography-letter-spacing);\"><div class=\"imageframe-align-center\"><span class=\" fusion-imageframe imageframe-none imageframe-1 hover-type-zoomin\" style=\"border-radius:50%;\"><img decoding=\"async\" width=\"1108\" height=\"1108\" alt=\"butter-ing\" title=\"Butter\" src=\"https:\/\/nassifmd.nl\/wp-content\/uploads\/2020\/09\/bunny.png\" class=\"img-responsive wp-image-1074\"\/><\/span><\/div><\/div><div class=\"fusion-separator fusion-full-width-sep\" style=\"align-self: center;margin-left: auto;margin-right: auto;margin-top:26px;width:100%;\"><\/div><div class=\"fusion-text fusion-text-2\"><p style=\"text-align: center;\">Cruelty free<\/p>\n<\/div><div class=\"fusion-clearfix\"><\/div><\/div><\/div><div class=\"fusion-layout-column fusion_builder_column fusion-builder-column-3 fusion_builder_column_1_5 1_5 fusion-one-fifth\" style=\"--awb-bg-size:cover;width:16.8%; margin-right: 4%;\"><div class=\"fusion-column-wrapper fusion-column-has-shadow fusion-flex-column-wrapper-legacy\"><div class=\"fusion-image-element fusion-image-align-center in-legacy-container\" style=\"text-align:center;--awb-max-width:160px;--awb-caption-title-font-family:var(--h2_typography-font-family);--awb-caption-title-font-weight:var(--h2_typography-font-weight);--awb-caption-title-font-style:var(--h2_typography-font-style);--awb-caption-title-size:var(--h2_typography-font-size);--awb-caption-title-transform:var(--h2_typography-text-transform);--awb-caption-title-line-height:var(--h2_typography-line-height);--awb-caption-title-letter-spacing:var(--h2_typography-letter-spacing);\"><div class=\"imageframe-align-center\"><span class=\" fusion-imageframe imageframe-none imageframe-2 hover-type-zoomin\" style=\"border-radius:50%;\"><img decoding=\"async\" width=\"1108\" height=\"1108\" alt=\"eggs-ing\" title=\"Cracked Egg in Flour\" src=\"https:\/\/nassifmd.nl\/wp-content\/uploads\/2020\/09\/gluten.png\" class=\"img-responsive wp-image-1075\"\/><\/span><\/div><\/div><div class=\"fusion-separator fusion-full-width-sep\" style=\"align-self: center;margin-left: auto;margin-right: auto;margin-top:26px;width:100%;\"><\/div><div class=\"fusion-text fusion-text-3\"><p style=\"text-align: center;\">V\u00e9g\u00e9talien<\/p>\n<\/div><div class=\"fusion-clearfix\"><\/div><\/div><\/div><div class=\"fusion-layout-column fusion_builder_column fusion-builder-column-4 fusion_builder_column_1_5 1_5 fusion-one-fifth\" style=\"--awb-bg-size:cover;width:16.8%; margin-right: 4%;\"><div class=\"fusion-column-wrapper fusion-column-has-shadow fusion-flex-column-wrapper-legacy\"><div class=\"fusion-image-element fusion-image-align-center in-legacy-container\" style=\"text-align:center;--awb-max-width:160px;--awb-caption-title-font-family:var(--h2_typography-font-family);--awb-caption-title-font-weight:var(--h2_typography-font-weight);--awb-caption-title-font-style:var(--h2_typography-font-style);--awb-caption-title-size:var(--h2_typography-font-size);--awb-caption-title-transform:var(--h2_typography-text-transform);--awb-caption-title-line-height:var(--h2_typography-line-height);--awb-caption-title-letter-spacing:var(--h2_typography-letter-spacing);\"><div class=\"imageframe-align-center\"><span class=\" fusion-imageframe imageframe-none imageframe-3 hover-type-zoomin\" style=\"border-radius:50%;\"><img decoding=\"async\" width=\"1108\" height=\"1108\" alt=\"milk-ing\" title=\"Milk Bottle\" src=\"https:\/\/nassifmd.nl\/wp-content\/uploads\/2020\/09\/veganleaf.png\" class=\"img-responsive wp-image-1077\"\/><\/span><\/div><\/div><div class=\"fusion-separator fusion-full-width-sep\" style=\"align-self: center;margin-left: auto;margin-right: auto;margin-top:26px;width:100%;\"><\/div><div class=\"fusion-text fusion-text-4\"><p style=\"text-align: center;\">Sans gluten<\/p>\n<\/div><div class=\"fusion-clearfix\"><\/div><\/div><\/div><div class=\"fusion-layout-column fusion_builder_column fusion-builder-column-5 fusion_builder_column_1_5 1_5 fusion-one-fifth\" style=\"--awb-bg-size:cover;width:16.8%; margin-right: 4%;\"><div class=\"fusion-column-wrapper fusion-column-has-shadow fusion-flex-column-wrapper-legacy\"><div class=\"fusion-image-element fusion-image-align-center in-legacy-container\" style=\"text-align:center;--awb-max-width:160px;--awb-caption-title-font-family:var(--h2_typography-font-family);--awb-caption-title-font-weight:var(--h2_typography-font-weight);--awb-caption-title-font-style:var(--h2_typography-font-style);--awb-caption-title-size:var(--h2_typography-font-size);--awb-caption-title-transform:var(--h2_typography-text-transform);--awb-caption-title-line-height:var(--h2_typography-line-height);--awb-caption-title-letter-spacing:var(--h2_typography-letter-spacing);\"><div class=\"imageframe-align-center\"><span class=\" fusion-imageframe imageframe-none imageframe-4 hover-type-zoomin\" style=\"border-radius:50%;\"><img decoding=\"async\" width=\"1108\" height=\"1108\" alt=\"flour-ing\" title=\"Flour Jar\" src=\"https:\/\/nassifmd.nl\/wp-content\/uploads\/2020\/09\/mineral.png\" class=\"img-responsive wp-image-1076\"\/><\/span><\/div><\/div><div class=\"fusion-separator fusion-full-width-sep\" style=\"align-self: center;margin-left: auto;margin-right: auto;margin-top:26px;width:100%;\"><\/div><div class=\"fusion-text fusion-text-5\"><p style=\"text-align: center;\">Sans huiles min\u00e9rales<\/p>\n<\/div><div class=\"fusion-clearfix\"><\/div><\/div><\/div><div class=\"fusion-layout-column fusion_builder_column fusion-builder-column-6 fusion_builder_column_1_5 1_5 fusion-one-fifth fusion-column-last\" style=\"--awb-bg-size:cover;width:16.8%;\"><div class=\"fusion-column-wrapper fusion-column-has-shadow fusion-flex-column-wrapper-legacy\"><div class=\"fusion-image-element fusion-image-align-center in-legacy-container\" style=\"text-align:center;--awb-max-width:160px;--awb-caption-title-font-family:var(--h2_typography-font-family);--awb-caption-title-font-weight:var(--h2_typography-font-weight);--awb-caption-title-font-style:var(--h2_typography-font-style);--awb-caption-title-size:var(--h2_typography-font-size);--awb-caption-title-transform:var(--h2_typography-text-transform);--awb-caption-title-line-height:var(--h2_typography-line-height);--awb-caption-title-letter-spacing:var(--h2_typography-letter-spacing);\"><div class=\"imageframe-align-center\"><span class=\" fusion-imageframe imageframe-none imageframe-5 hover-type-zoomin\" style=\"border-radius:50%;\"><img decoding=\"async\" width=\"1108\" height=\"1108\" alt=\"flour-ing\" title=\"Flour Jar\" src=\"https:\/\/nassifmd.nl\/wp-content\/uploads\/2020\/09\/parabenen.png\" class=\"img-responsive wp-image-1076\"\/><\/span><\/div><\/div><div class=\"fusion-separator fusion-full-width-sep\" style=\"align-self: center;margin-left: auto;margin-right: auto;margin-top:26px;width:100%;\"><\/div><div class=\"fusion-text fusion-text-6\"><p style=\"text-align: center;\">Sans paraben<\/p>\n<\/div><div class=\"fusion-clearfix\"><\/div><\/div><\/div><\/div><\/p>\n","protected":false},"excerpt":{"rendered":"[fusion_checklist icon=\"fa-check fas\" iconcolor=\"\" circle=\"\" circlecolor=\"\" size=\"14px\" divider=\"\" divider_color=\"\" hide_on_mobile=\"small-visibility,medium-visibility,large-visibility\" class=\"\" id=\"\"][fusion_li_item icon=\"\"]<span style=\"color: #55328b;\"><span style=\"color: #55328b;\"><b>Hydration<\/b><\/span><b style=\"color: #55328b;\">imm\u00e9diate, rendant votre peau plus souple<\/b><\/span>[\/fusion_li_item][fusion_li_item icon=\"\"]<span style=\"color: #55328b;\"><b style=\"color: #55328b;\">R\u00e9duit l&rsquo;apparence des rides et ridules<\/b><\/span>[\/fusion_li_item][fusion_li_item icon=\"\"]<span style=\"color: #55328b;\"><b style=\"color: #55328b;\">Cr\u00e8me hydratante \u00e0 la fois pour le visage et le corps<\/b><\/span>[\/fusion_li_item][\/fusion_checklist]\n","protected":false},"featured_media":2681,"template":"","meta":[],"product_brand":[],"product_cat":[105,106,108,159],"product_tag":[121],"class_list":{"0":"post-3887","1":"product","2":"type-product","3":"status-publish","4":"has-post-thumbnail","6":"product_cat-corps-visage-fr","7":"product_cat-hydro-screen-serum-fr","8":"product_cat-masques-fr","9":"product_cat-nassifmd-fr","10":"product_tag-hydration","12":"first","13":"instock","14":"featured","15":"taxable","16":"shipping-taxable","17":"purchasable","18":"product-type-simple"},"_links":{"self":[{"href":"https:\/\/nassifmd.nl\/fr\/wp-json\/wp\/v2\/product\/3887","targetHints":{"allow":["GET"]}}],"collection":[{"href":"https:\/\/nassifmd.nl\/fr\/wp-json\/wp\/v2\/product"}],"about":[{"href":"https:\/\/nassifmd.nl\/fr\/wp-json\/wp\/v2\/types\/product"}],"wp:featuredmedia":[{"embeddable":true,"href":"https:\/\/nassifmd.nl\/fr\/wp-json\/wp\/v2\/media\/2681"}],"wp:attachment":[{"href":"https:\/\/nassifmd.nl\/fr\/wp-json\/wp\/v2\/media?parent=3887"}],"wp:term":[{"taxonomy":"product_brand","embeddable":true,"href":"https:\/\/nassifmd.nl\/fr\/wp-json\/wp\/v2\/product_brand?post=3887"},{"taxonomy":"product_cat","embeddable":true,"href":"https:\/\/nassifmd.nl\/fr\/wp-json\/wp\/v2\/product_cat?post=3887"},{"taxonomy":"product_tag","embeddable":true,"href":"https:\/\/nassifmd.nl\/fr\/wp-json\/wp\/v2\/product_tag?post=3887"}],"curies":[{"name":"wp","href":"https:\/\/api.w.org\/{rel}","templated":true}]}}