{"id":3940,"date":"2020-10-08T09:56:05","date_gmt":"2021-03-18T09:16:25","guid":{"rendered":"https:\/\/nassifmd.nl\/product\/peri-orbital-eye-complex\/"},"modified":"2023-02-16T12:32:22","modified_gmt":"2023-02-16T12:32:22","slug":"peri-orbital-eye-complex","status":"publish","type":"product","link":"https:\/\/nassifmd.nl\/fr\/produit\/peri-orbital-eye-complex\/","title":{"rendered":"Peri-orbital eye complex"},"content":{"rendered":"<p><div class=\"fusion-fullwidth fullwidth-box fusion-builder-row-1 fusion-flex-container nonhundred-percent-fullwidth non-hundred-percent-height-scrolling\" style=\"--awb-border-radius-top-left:0px;--awb-border-radius-top-right:0px;--awb-border-radius-bottom-right:0px;--awb-border-radius-bottom-left:0px;--awb-padding-top:10px;--awb-padding-bottom:10px;--awb-flex-wrap:wrap;\" ><\/div><div class=\"fusion-builder-row fusion-row fusion-flex-align-items-flex-start fusion-flex-content-wrap\" style=\"max-width:calc( 1200px + 0px );margin-left: calc(-0px \/ 2 );margin-right: calc(-0px \/ 2 );\"><div class=\"fusion-layout-column fusion_builder_column fusion-builder-column-0 fusion_builder_column_3_5 3_5 fusion-three-fifth fusion-column-first\" style=\"--awb-bg-size:cover;--awb-margin-top:0px;--awb-margin-bottom:30px;width:58.4%; margin-right: 4%;\"><div class=\"fusion-column-wrapper fusion-column-has-shadow fusion-flex-column-wrapper-legacy\"><div class=\"fusion-text fusion-text-1\"><p>Le Peri-Orbital Complex Revitalizing Eye Cr\u00e8me est un soin des yeux formul\u00e9 pour combattre les signes visibles du vieillissement du contour des yeux. Cette formule sp\u00e9ciale raffermit temporairement la peau autour des yeux.<\/p>\n<\/div><div class=\"fusion-clearfix\"><\/div><\/div><\/div><div class=\"fusion-layout-column fusion_builder_column fusion-builder-column-1 fusion_builder_column_2_5 2_5 fusion-two-fifth fusion-column-last\" style=\"--awb-bg-size:cover;--awb-margin-top:0px;--awb-margin-bottom:0px;width:37.6%;\"><div class=\"fusion-column-wrapper fusion-column-has-shadow fusion-flex-column-wrapper-legacy\"><div class=\"fusion-content-boxes content-boxes columns row fusion-columns-1 fusion-columns-total-0 fusion-content-boxes-1 content-boxes-icon-on-side content-left\" style=\"--awb-hover-accent-color:#f0edf5;--awb-circle-hover-accent-color:#f0edf5;--awb-item-margin-bottom:40px;\" data-animationOffset=\"top-into-view\"><div class=\"fusion-clearfix\"><\/div><\/div><div style=\"--awb-backgroundcolor:rgba(255,255,255,0);--awb-content-padding-left:62px;\" class=\"fusion-column content-box-column content-box-column content-box-column-1 col-lg-12 col-md-12 col-sm-12 fusion-content-box-hover content-box-column-last-in-row\"><div class=\"col content-box-wrapper content-wrapper link-area-link-icon icon-hover-animation-fade\" data-animationOffset=\"top-into-view\"><div class=\"heading heading-with-icon icon-left\"><div class=\"icon\"><i style=\"border-color:#f0edf5;border-width:1px;background-color:#f0edf5;box-sizing:content-box;height:40px;width:40px;line-height:40px;border-radius:50%;font-size:20px;\" aria-hidden=\"true\" class=\"fontawesome-icon fa fa-tint circle-yes\"><\/i><\/div><h2 class=\"content-box-heading fusion-responsive-typography-calculated\" style=\"--h2_typography-font-size:20px;--fontSize:20;line-height:1.28;padding-left:62px;\">Dites adieu \u00e0 ces pattes d'oie !<\/h2><\/div><div class=\"fusion-clearfix\"><\/div><div class=\"content-container\">\n<\/div><\/div><\/div><div style=\"--awb-backgroundcolor:rgba(255,255,255,0);--awb-content-padding-left:62px;\" class=\"fusion-column content-box-column content-box-column content-box-column-2 col-lg-12 col-md-12 col-sm-12 fusion-content-box-hover content-box-column-last-in-row\"><div class=\"col content-box-wrapper content-wrapper link-area-link-icon icon-hover-animation-fade\" data-animationOffset=\"top-into-view\"><div class=\"heading heading-with-icon icon-left\"><div class=\"icon\"><i style=\"border-color:#f0edf5;border-width:1px;background-color:#f0edf5;box-sizing:content-box;height:40px;width:40px;line-height:40px;border-radius:50%;font-size:20px;\" aria-hidden=\"true\" class=\"fontawesome-icon fa fa-tint circle-yes\"><\/i><\/div><h2 class=\"content-box-heading fusion-responsive-typography-calculated\" style=\"--h2_typography-font-size:20px;--fontSize:20;line-height:1.28;padding-left:62px;\">Hydrate imm\u00e9diate et significativement le contour des yeux et r\u00e9duit la profondeur des rides de pr\u00e8s de 14%.<\/h2><\/div><\/div><\/div>\n<div class=\"fusion-clearfix\"><\/div><\/div><\/div><div class=\"fusion-layout-column fusion_builder_column fusion-builder-column-2 fusion_builder_column_1_5 1_5 fusion-one-fifth fusion-column-first\" style=\"--awb-bg-size:cover;width:16.8%; margin-right: 4%;\"><div class=\"fusion-column-wrapper fusion-column-has-shadow fusion-flex-column-wrapper-legacy\"><div class=\"fusion-image-element fusion-image-align-center in-legacy-container\" style=\"text-align:center;--awb-max-width:160px;--awb-caption-title-font-family:var(--h2_typography-font-family);--awb-caption-title-font-weight:var(--h2_typography-font-weight);--awb-caption-title-font-style:var(--h2_typography-font-style);--awb-caption-title-size:var(--h2_typography-font-size);--awb-caption-title-transform:var(--h2_typography-text-transform);--awb-caption-title-line-height:var(--h2_typography-line-height);--awb-caption-title-letter-spacing:var(--h2_typography-letter-spacing);\"><div class=\"imageframe-align-center\"><span class=\" fusion-imageframe imageframe-none imageframe-1 hover-type-zoomin\" style=\"border-radius:50%;\"><img decoding=\"async\" width=\"1108\" height=\"1108\" alt=\"butter-ing\" title=\"Butter\" src=\"https:\/\/nassifmd.nl\/wp-content\/uploads\/2020\/09\/bunny.png\" class=\"img-responsive wp-image-1074\"\/><\/span><\/div><\/div><div class=\"fusion-separator fusion-full-width-sep\" style=\"align-self: center;margin-left: auto;margin-right: auto;margin-top:26px;width:100%;\"><\/div><div class=\"fusion-text fusion-text-2\"><p style=\"text-align: center;\">Cruelty free<\/p>\n<\/div><div class=\"fusion-clearfix\"><\/div><\/div><\/div><div class=\"fusion-layout-column fusion_builder_column fusion-builder-column-3 fusion_builder_column_1_5 1_5 fusion-one-fifth\" style=\"--awb-bg-size:cover;width:16.8%; margin-right: 4%;\"><div class=\"fusion-column-wrapper fusion-column-has-shadow fusion-flex-column-wrapper-legacy\"><div class=\"fusion-image-element fusion-image-align-center in-legacy-container\" style=\"text-align:center;--awb-max-width:160px;--awb-caption-title-font-family:var(--h2_typography-font-family);--awb-caption-title-font-weight:var(--h2_typography-font-weight);--awb-caption-title-font-style:var(--h2_typography-font-style);--awb-caption-title-size:var(--h2_typography-font-size);--awb-caption-title-transform:var(--h2_typography-text-transform);--awb-caption-title-line-height:var(--h2_typography-line-height);--awb-caption-title-letter-spacing:var(--h2_typography-letter-spacing);\"><div class=\"imageframe-align-center\"><span class=\" fusion-imageframe imageframe-none imageframe-2 hover-type-zoomin\" style=\"border-radius:50%;\"><img decoding=\"async\" width=\"1108\" height=\"1108\" alt=\"eggs-ing\" title=\"Cracked Egg in Flour\" src=\"https:\/\/nassifmd.nl\/wp-content\/uploads\/2020\/09\/gluten.png\" class=\"img-responsive wp-image-1075\"\/><\/span><\/div><\/div><div class=\"fusion-separator fusion-full-width-sep\" style=\"align-self: center;margin-left: auto;margin-right: auto;margin-top:26px;width:100%;\"><\/div><div class=\"fusion-text fusion-text-3\"><p style=\"text-align: center;\">Vegan<\/p>\n<\/div><div class=\"fusion-clearfix\"><\/div><\/div><\/div><div class=\"fusion-layout-column fusion_builder_column fusion-builder-column-4 fusion_builder_column_1_5 1_5 fusion-one-fifth\" style=\"--awb-bg-size:cover;width:16.8%; margin-right: 4%;\"><div class=\"fusion-column-wrapper fusion-column-has-shadow fusion-flex-column-wrapper-legacy\"><div class=\"fusion-image-element fusion-image-align-center in-legacy-container\" style=\"text-align:center;--awb-max-width:160px;--awb-caption-title-font-family:var(--h2_typography-font-family);--awb-caption-title-font-weight:var(--h2_typography-font-weight);--awb-caption-title-font-style:var(--h2_typography-font-style);--awb-caption-title-size:var(--h2_typography-font-size);--awb-caption-title-transform:var(--h2_typography-text-transform);--awb-caption-title-line-height:var(--h2_typography-line-height);--awb-caption-title-letter-spacing:var(--h2_typography-letter-spacing);\"><div class=\"imageframe-align-center\"><span class=\" fusion-imageframe imageframe-none imageframe-3 hover-type-zoomin\" style=\"border-radius:50%;\"><img decoding=\"async\" width=\"1108\" height=\"1108\" alt=\"milk-ing\" title=\"Milk Bottle\" src=\"https:\/\/nassifmd.nl\/wp-content\/uploads\/2020\/09\/veganleaf.png\" class=\"img-responsive wp-image-1077\"\/><\/span><\/div><\/div><div class=\"fusion-separator fusion-full-width-sep\" style=\"align-self: center;margin-left: auto;margin-right: auto;margin-top:26px;width:100%;\"><\/div><div class=\"fusion-text fusion-text-4\"><p style=\"text-align: center;\">Glutenvrij<\/p>\n<\/div><div class=\"fusion-clearfix\"><\/div><\/div><\/div><div class=\"fusion-layout-column fusion_builder_column fusion-builder-column-5 fusion_builder_column_1_5 1_5 fusion-one-fifth\" style=\"--awb-bg-size:cover;width:16.8%; margin-right: 4%;\"><div class=\"fusion-column-wrapper fusion-column-has-shadow fusion-flex-column-wrapper-legacy\"><div class=\"fusion-image-element fusion-image-align-center in-legacy-container\" style=\"text-align:center;--awb-max-width:160px;--awb-caption-title-font-family:var(--h2_typography-font-family);--awb-caption-title-font-weight:var(--h2_typography-font-weight);--awb-caption-title-font-style:var(--h2_typography-font-style);--awb-caption-title-size:var(--h2_typography-font-size);--awb-caption-title-transform:var(--h2_typography-text-transform);--awb-caption-title-line-height:var(--h2_typography-line-height);--awb-caption-title-letter-spacing:var(--h2_typography-letter-spacing);\"><div class=\"imageframe-align-center\"><span class=\" fusion-imageframe imageframe-none imageframe-4 hover-type-zoomin\" style=\"border-radius:50%;\"><img decoding=\"async\" width=\"1108\" height=\"1108\" alt=\"flour-ing\" title=\"Flour Jar\" src=\"https:\/\/nassifmd.nl\/wp-content\/uploads\/2020\/09\/mineral.png\" class=\"img-responsive wp-image-1076\"\/><\/span><\/div><\/div><div class=\"fusion-separator fusion-full-width-sep\" style=\"align-self: center;margin-left: auto;margin-right: auto;margin-top:26px;width:100%;\"><\/div><div class=\"fusion-text fusion-text-5\"><p style=\"text-align: center;\">Vrij van minerale oli\u00ebn<\/p>\n<\/div><div class=\"fusion-clearfix\"><\/div><\/div><\/div><div class=\"fusion-layout-column fusion_builder_column fusion-builder-column-6 fusion_builder_column_1_5 1_5 fusion-one-fifth fusion-column-last\" style=\"--awb-bg-size:cover;width:16.8%;\"><div class=\"fusion-column-wrapper fusion-column-has-shadow fusion-flex-column-wrapper-legacy\"><div class=\"fusion-image-element fusion-image-align-center in-legacy-container\" style=\"text-align:center;--awb-max-width:160px;--awb-caption-title-font-family:var(--h2_typography-font-family);--awb-caption-title-font-weight:var(--h2_typography-font-weight);--awb-caption-title-font-style:var(--h2_typography-font-style);--awb-caption-title-size:var(--h2_typography-font-size);--awb-caption-title-transform:var(--h2_typography-text-transform);--awb-caption-title-line-height:var(--h2_typography-line-height);--awb-caption-title-letter-spacing:var(--h2_typography-letter-spacing);\"><div class=\"imageframe-align-center\"><span class=\" fusion-imageframe imageframe-none imageframe-5 hover-type-zoomin\" style=\"border-radius:50%;\"><img decoding=\"async\" width=\"1108\" height=\"1108\" alt=\"flour-ing\" title=\"Flour Jar\" src=\"https:\/\/nassifmd.nl\/wp-content\/uploads\/2020\/09\/parabenen.png\" class=\"img-responsive wp-image-1076\"\/><\/span><\/div><\/div><div class=\"fusion-separator fusion-full-width-sep\" style=\"align-self: center;margin-left: auto;margin-right: auto;margin-top:26px;width:100%;\"><\/div><div class=\"fusion-text fusion-text-6\"><p style=\"text-align: center;\">Parabenenvrij<\/p>\n<\/div><div class=\"fusion-clearfix\"><\/div><\/div><\/div><\/div><\/p>\n","protected":false},"excerpt":{"rendered":"<p>Ces pattes d&rsquo;oie ennuyeuses vous d\u00e9rangent de plus en plus ?<\/p>\n[fusion_checklist icon=\"fa-check fas\" iconcolor=\"\" circle=\"\" circlecolor=\"\" size=\"14px\" divider=\"\" divider_color=\"\" hide_on_mobile=\"small-visibility,medium-visibility,large-visibility\" class=\"\" id=\"\"][fusion_li_item icon=\"\"]<span style=\"color: #55328b\"><strong>Contient du Vin Uplift, un ingr\u00e9dient raffermissant unique extrait du vin de glace suisse*.<\/strong><\/span>[\/fusion_li_item][fusion_li_item icon=\"\"]<span style=\"color: #55328b\"><b style=\"color: #55328b\">Des \u00e9tudes cliniques ont \u00e9t\u00e9 r\u00e9alis\u00e9es : les r\u00e9sultats ont montr\u00e9 que l&rsquo;utilisation du produit pendant 28 jours a augment\u00e9 l&rsquo;hydratation de 50,9%.<\/b><\/span>[\/fusion_li_item][fusion_li_item icon=\"\"]<span style=\"color: #55328b\"><b style=\"color: #55328b\">Hydrate<\/b><span style=\"color: #55328b\"><b>imm\u00e9diate le contour des yeux<\/b><\/span><\/span>[\/fusion_li_item][fusion_li_item icon=\"\"]<span style=\"color: #55328b\"><b style=\"color: #55328b\">R\u00e9duit<\/b><span style=\"color: #55328b\"><b>significativement<\/b><\/span><b style=\"color: #55328b\">la profondeur des rides de la patte d&rsquo;oie de pr\u00e8s de 14 %.<\/b><\/span>[\/fusion_li_item][\/fusion_checklist]\n","protected":false},"featured_media":3833,"template":"","meta":[],"product_brand":[],"product_cat":[159,110,109],"product_tag":[113,115],"class_list":{"0":"post-3940","1":"product","2":"type-product","3":"status-publish","4":"has-post-thumbnail","6":"product_cat-nassifmd-fr","7":"product_cat-serums-cremes-fr","8":"product_cat-yeux","9":"product_tag-boost-de-collagene","10":"product_tag-correction-eclaircissement","12":"first","13":"instock","14":"featured","15":"taxable","16":"shipping-taxable","17":"purchasable","18":"product-type-simple"},"_links":{"self":[{"href":"https:\/\/nassifmd.nl\/fr\/wp-json\/wp\/v2\/product\/3940","targetHints":{"allow":["GET"]}}],"collection":[{"href":"https:\/\/nassifmd.nl\/fr\/wp-json\/wp\/v2\/product"}],"about":[{"href":"https:\/\/nassifmd.nl\/fr\/wp-json\/wp\/v2\/types\/product"}],"wp:featuredmedia":[{"embeddable":true,"href":"https:\/\/nassifmd.nl\/fr\/wp-json\/wp\/v2\/media\/3833"}],"wp:attachment":[{"href":"https:\/\/nassifmd.nl\/fr\/wp-json\/wp\/v2\/media?parent=3940"}],"wp:term":[{"taxonomy":"product_brand","embeddable":true,"href":"https:\/\/nassifmd.nl\/fr\/wp-json\/wp\/v2\/product_brand?post=3940"},{"taxonomy":"product_cat","embeddable":true,"href":"https:\/\/nassifmd.nl\/fr\/wp-json\/wp\/v2\/product_cat?post=3940"},{"taxonomy":"product_tag","embeddable":true,"href":"https:\/\/nassifmd.nl\/fr\/wp-json\/wp\/v2\/product_tag?post=3940"}],"curies":[{"name":"wp","href":"https:\/\/api.w.org\/{rel}","templated":true}]}}